{"id":3188,"date":"2024-10-14T16:16:13","date_gmt":"2024-10-14T14:16:13","guid":{"rendered":"http:\/\/s1013170014.onlinehome.fr\/cgv\/"},"modified":"2025-01-17T00:27:05","modified_gmt":"2025-01-16T23:27:05","slug":"cgv","status":"publish","type":"page","link":"https:\/\/actioil.com\/fr\/cgv\/","title":{"rendered":"CGV"},"content":{"rendered":"[vc_row type=\u00a0\u00bbin_container\u00a0\u00bb full_screen_row_position=\u00a0\u00bbmiddle\u00a0\u00bb column_margin=\u00a0\u00bbdefault\u00a0\u00bb column_direction=\u00a0\u00bbdefault\u00a0\u00bb column_direction_tablet=\u00a0\u00bbdefault\u00a0\u00bb column_direction_phone=\u00a0\u00bbdefault\u00a0\u00bb scene_position=\u00a0\u00bbcenter\u00a0\u00bb text_color=\u00a0\u00bbdark\u00a0\u00bb text_align=\u00a0\u00bbleft\u00a0\u00bb row_border_radius=\u00a0\u00bbnone\u00a0\u00bb row_border_radius_applies=\u00a0\u00bbbg\u00a0\u00bb overflow=\u00a0\u00bbvisible\u00a0\u00bb overlay_strength=\u00a0\u00bb0.3&Prime; gradient_direction=\u00a0\u00bbleft_to_right\u00a0\u00bb shape_divider_position=\u00a0\u00bbbottom\u00a0\u00bb bg_image_animation=\u00a0\u00bbnone\u00a0\u00bb][vc_column column_padding=\u00a0\u00bbno-extra-padding\u00a0\u00bb column_padding_tablet=\u00a0\u00bbinherit\u00a0\u00bb column_padding_phone=\u00a0\u00bbinherit\u00a0\u00bb column_padding_position=\u00a0\u00bball\u00a0\u00bb column_element_direction_desktop=\u00a0\u00bbdefault\u00a0\u00bb column_element_spacing=\u00a0\u00bbdefault\u00a0\u00bb desktop_text_alignment=\u00a0\u00bbdefault\u00a0\u00bb tablet_text_alignment=\u00a0\u00bbdefault\u00a0\u00bb phone_text_alignment=\u00a0\u00bbdefault\u00a0\u00bb background_color_opacity=\u00a0\u00bb1&Prime; background_hover_color_opacity=\u00a0\u00bb1&Prime; column_backdrop_filter=\u00a0\u00bbnone\u00a0\u00bb column_shadow=\u00a0\u00bbnone\u00a0\u00bb column_border_radius=\u00a0\u00bbnone\u00a0\u00bb column_link_target=\u00a0\u00bb_self\u00a0\u00bb column_position=\u00a0\u00bbdefault\u00a0\u00bb gradient_direction=\u00a0\u00bbleft_to_right\u00a0\u00bb overlay_strength=\u00a0\u00bb0.3&Prime; width=\u00a0\u00bb1\/1&Prime; tablet_width_inherit=\u00a0\u00bbdefault\u00a0\u00bb animation_type=\u00a0\u00bbdefault\u00a0\u00bb bg_image_animation=\u00a0\u00bbnone\u00a0\u00bb border_type=\u00a0\u00bbsimple\u00a0\u00bb column_border_width=\u00a0\u00bbnone\u00a0\u00bb column_border_style=\u00a0\u00bbsolid\u00a0\u00bb][vc_row_inner column_margin=\u00a0\u00bbdefault\u00a0\u00bb column_direction=\u00a0\u00bbdefault\u00a0\u00bb column_direction_tablet=\u00a0\u00bbdefault\u00a0\u00bb column_direction_phone=\u00a0\u00bbdefault\u00a0\u00bb text_align=\u00a0\u00bbleft\u00a0\u00bb row_position=\u00a0\u00bbdefault\u00a0\u00bb row_position_tablet=\u00a0\u00bbinherit\u00a0\u00bb row_position_phone=\u00a0\u00bbinherit\u00a0\u00bb overflow=\u00a0\u00bbvisible\u00a0\u00bb pointer_events=\u00a0\u00bball\u00a0\u00bb][vc_column_inner column_padding=\u00a0\u00bbno-extra-padding\u00a0\u00bb column_padding_tablet=\u00a0\u00bbinherit\u00a0\u00bb column_padding_phone=\u00a0\u00bbinherit\u00a0\u00bb column_padding_position=\u00a0\u00bball\u00a0\u00bb column_element_direction_desktop=\u00a0\u00bbdefault\u00a0\u00bb column_element_spacing=\u00a0\u00bbdefault\u00a0\u00bb desktop_text_alignment=\u00a0\u00bbdefault\u00a0\u00bb tablet_text_alignment=\u00a0\u00bbdefault\u00a0\u00bb phone_text_alignment=\u00a0\u00bbdefault\u00a0\u00bb background_color_opacity=\u00a0\u00bb1&Prime; background_hover_color_opacity=\u00a0\u00bb1&Prime; column_backdrop_filter=\u00a0\u00bbnone\u00a0\u00bb column_shadow=\u00a0\u00bbnone\u00a0\u00bb column_border_radius=\u00a0\u00bbnone\u00a0\u00bb column_link_target=\u00a0\u00bb_self\u00a0\u00bb overflow=\u00a0\u00bbvisible\u00a0\u00bb gradient_direction=\u00a0\u00bbleft_to_right\u00a0\u00bb overlay_strength=\u00a0\u00bb0.3&Prime; width=\u00a0\u00bb1\/1&Prime; tablet_width_inherit=\u00a0\u00bbdefault\u00a0\u00bb animation_type=\u00a0\u00bbdefault\u00a0\u00bb bg_image_animation=\u00a0\u00bbnone\u00a0\u00bb border_type=\u00a0\u00bbsimple\u00a0\u00bb column_border_width=\u00a0\u00bbnone\u00a0\u00bb column_border_style=\u00a0\u00bbsolid\u00a0\u00bb][vc_column_text css=\u00a0\u00bb\u00a0\u00bb text_direction=\u00a0\u00bbdefault\u00a0\u00bb]<strong>Tout acte de vente ou d\u2019achat conclu avec notre soci\u00e9t\u00e9 implique pour l\u2019acqu\u00e9reur l\u2019acceptation sans r\u00e9serve des clauses et conditions de vente ci-apr\u00e8s \u00e9nonc\u00e9es.<\/strong><\/p>\n<p><strong>Toute mention imprim\u00e9e sur les documents \u00e9mis par notre Client\u00e8le n\u2019est valable que si elle fait l\u2019objet d\u2019une clause particuli\u00e8re port\u00e9e sur notre confirmation de commande.<\/strong><\/p>\n<h3>Livraison des marchandises<\/h3>\n<p>Toute r\u00e9clamation du Client portant sur les produits livr\u00e9s ou enlev\u00e9s n\u2019est prise en consid\u00e9ration que si elle est formul\u00e9e au moment de la livraison ou de l\u2019enl\u00e8vement des produits. La livraison ou l\u2019enl\u00e8vement sans r\u00e9serve des produits par le Client couvre tout vice apparent et\/ou manquant.<\/p>\n<p>Le transfert des risques des produits livr\u00e9s est r\u00e9alis\u00e9 \u00e0 compter de l\u2019entr\u00e9e d\u2019ACTIOIL ou de son prestataire sur le site du Client.<\/p>\n<p>Dans le cas d\u2019enl\u00e8vement par le Client ou l\u2019un de ses pr\u00e9pos\u00e9s, le transfert des risques aura lieu au moment o\u00f9 les produits sont charg\u00e9s dans le v\u00e9hicule du Client ou de son pr\u00e9pos\u00e9; le Client ou son pr\u00e9pos\u00e9 est seul responsable de la stricte conformit\u00e9 du moyen de transport eu \u00e9gard aux r\u00e9glementations en vigueur.<\/p>\n<h3>Prix et paiement<\/h3>\n<p>Les prix de vente et les conditions de r\u00e8glement sont fix\u00e9s avec le Client d\u00e8s la mise en relation commerciale. La mise \u00e0 jour des prix est effectu\u00e9e sur la base d\u2019une r\u00e9\u00e9valuation par an, ACTIOIL se r\u00e9servant le droit d\u2019augmenter cette fr\u00e9quence en r\u00e9action \u00e0 tout \u00e9l\u00e9ment qui lui semblera le justifier. Dans ce cas, le Client se verra appliquer les nouveaux tarifs dans un d\u00e9lai de 30 jours suivant leur date de signification par ACTIOIL.<\/p>\n<p>Tout r\u00e8glement non effectu\u00e9 \u00e0 sa date d&rsquo;\u00e9ch\u00e9ance entraine l&rsquo;exigibilit\u00e9 imm\u00e9diate de la totalit\u00e9 de l&rsquo;encours du Client et l&rsquo;annulation des conditions de paiements. Les frais engag\u00e9s pour le recouvrement amiable ou contentieux de sa cr\u00e9ance ou de tous les frais cons\u00e9cutifs \u00e0 l\u2019impay\u00e9 tels que les frais bancaires factur\u00e9s \u00e0 ACTIOIL \u00e0 cet \u00e9gard sont \u00e0 la charge du d\u00e9biteur. Dans ce cas, si ACTIOIL le juge n\u00e9cessaire, ACTIOIL se consid\u00e8re comme d\u00e9gag\u00e9 de toutes obligations \u00e0 l\u2019\u00e9gard de son Client quels que soient la nature des accords conclus avec ce dernier.<\/p>\n<p>Les marchandises restent la propri\u00e9t\u00e9 int\u00e9grale d\u2019ACTIOIL jusqu\u2019au complet paiement des factures correspondantes. En cas de d\u00e9faut de r\u00e8glement, les marchandises devront \u00eatre retourn\u00e9es aux entrep\u00f4ts d\u2019ACTIOIL indiqu\u00e9s sur le bon de livraison aux frais, risques et p\u00e9rils du Client.<\/p>\n<p>En cas de retard de paiement, il est factur\u00e9 au Client, sans formalit\u00e9 pr\u00e9alable, un int\u00e9r\u00eat de retard, \u00e0 compter de l\u2019\u00e9ch\u00e9ance du paiement et jusqu\u2019\u00e0 son complet r\u00e8glement, \u00e9gal au taux d&rsquo;int\u00e9r\u00eat appliqu\u00e9 par la Banque centrale europ\u00e9enne \u00e0 son op\u00e9ration de refinancement la plus r\u00e9cente major\u00e9 de 10 points de pourcentage.<\/p>\n<p>En cas de faillite, incapacit\u00e9, modification de soci\u00e9t\u00e9 ou d\u2019un quelconque changement dans la situation de l\u2019acheteur mettant en p\u00e9ril sa solvabilit\u00e9, nous nous r\u00e9servons le droit de r\u00e9silier tous les accords en vigueur.<\/p>\n<p>D\u2019autre part, il est express\u00e9ment convenu qu\u2019en cas d\u2019incident dans les r\u00e8glements des factures \u00e9mises par ACTIOIL, les livraisons ult\u00e9rieures seront exig\u00e9es par paiement comptant par ch\u00e8que de banque avant d\u00e9chargement.<\/p>\n<h3>Garanties<\/h3>\n<p>Pour quelque cause que ce soit et notamment en cas de d\u00e9c\u00e8s de l\u2019acheteur, de cession, de mise en g\u00e9rance de son commerce, de dissolution de soci\u00e9t\u00e9, de liquidation judiciaire ou de faillite, ACTIOIL se r\u00e9serve le droit de pouvoir demander des garanties effectives de paiement, ceci m\u00eame en cours d\u2019un contrat d\u2019approvisionnement, qui sera alors suspendu jusqu\u2019\u00e0 ce que cette garantie ait \u00e9t\u00e9 fournie par l\u2019acheteur (dans ce cas, les quantit\u00e9s non livr\u00e9es pendant une telle p\u00e9riode de suspension seront \u00e0 notre choix, annul\u00e9es, livr\u00e9es ou report\u00e9es).<\/p>\n<p>Tous les produits ACTIOIL sont livr\u00e9s avec une r\u00e9f\u00e9rence de fabrication sur chaque emballage. Chaque fabrication fait l\u2019objet de contr\u00f4les techniques rigoureux permettant de v\u00e9rifier et de valider la qualit\u00e9 du produit. En cas de litige sur la qualit\u00e9 d\u2019un produit, ACTIOIL fournira au Client les analyses de contr\u00f4le correspondantes au produit en litige.<\/p>\n<p>Tout produit d\u00e9fectueux sera remplac\u00e9 sans frais par ACTIOIL si la date de p\u00e9remption des produits n\u2019est pas d\u00e9pass\u00e9e et si les conditions de stockage et d\u2019utilisation ont \u00e9t\u00e9 respect\u00e9es. La garantie d\u2019ACTIOIL se limite strictement au remplacement d\u2019un produit prouv\u00e9 d\u00e9fectueux sans aucune autre responsabilit\u00e9 de sa part.<\/p>\n<h3>Engagements du Client<\/h3>\n<p>Le Client doit imp\u00e9rativement consulter les consignes de s\u00e9curit\u00e9 d\u00e9taill\u00e9es sur la fiche de s\u00e9curit\u00e9 de chaque produit ACTIOIL avant d\u2019effectuer un achat. Toute commande de produits ACTIOIL implique pour le Client, la parfaite connaissance des risques li\u00e9s \u00e0 leur utilisation, l\u2019invocation de ces derniers ne pourra en aucun cas faire l\u2019objet de r\u00e9clamation ult\u00e9rieure.<\/p>\n<p>Les Incoterms de livraison des produits ACTIOIL figurent sur les bons de livraison et doivent \u00eatre pr\u00e9cis\u00e9s sur le bon de commande.<\/p>\n<p>L\u2019emploi des produits ACTIOIL est soumis au respect de proc\u00e9dures d\u2019utilisation sp\u00e9cifiques adapt\u00e9es \u00e0 chaque application particuli\u00e8re. Selon l\u2019application, l\u2019utilisateur final devra s\u2019informer aupr\u00e8s des autorit\u00e9s locales sur les droits et taxes applicables dont il pourrait s\u2019av\u00e9rer redevable. ACTIOIL ne pourra en aucun cas \u00eatre tenu pour responsable d\u2019une \u00e9ventuelle non-d\u00e9claration de l\u2019un de ses utilisateurs.<\/p>\n<p>Les consignes de s\u00e9curit\u00e9, l\u2019\u00e9tiquetage et les diff\u00e9rents accords de distribution contract\u00e9s par ACTIOIL impliquent que les marchandises livr\u00e9es restent dans le pays de destination original figurant sur le bon de commande du Client. Les produits ACTIOIL sont livr\u00e9s en livraison directe chez le destinataire indiqu\u00e9 par le Client sur le bon de commande. Les marchandises ne pourront en aucun cas \u00eatre export\u00e9es vers un autre pays que le pays de livraison sans autorisation \u00e9crite d\u2019ACTIOIL.<\/p>\n<p>Toute modification des emballages et \u00e9tiquetages d\u2019origine des produits ACTIOIL est strictement interdite. Toute transgression engage la responsabilit\u00e9 de la personne l\u2019ayant effectu\u00e9 tant au niveau p\u00e9nal que fiscal.<\/p>\n<h3>Force majeure<\/h3>\n<p>Aucune des parties ne peut \u00eatre tenue responsable d\u2019un manquement, retard ou omission dans l\u2019ex\u00e9cution totale ou partielle d\u2019une commande r\u00e9sultant d\u2019un cas de force majeure.<\/p>\n<p>Sont notamment consid\u00e9r\u00e9s comme des cas de force majeure les guerres, les gr\u00e8ves, le gel, les incendies, les temp\u00eates, les inondations, les \u00e9pid\u00e9mies. La force majeure ne lib\u00e8re de ses obligations contractuelles la partie qui l\u2019invoque que dans la mesure et pendant le temps o\u00f9 elle est emp\u00each\u00e9e de les ex\u00e9cuter. La commande dont l\u2019ex\u00e9cution est emp\u00each\u00e9e pendant plus de trente (30) jours calendaires peut \u00eatre annul\u00e9e par \u00e9crit par la partie la plus diligente, sans indemnit\u00e9.<\/p>\n<h3>Juridictions<\/h3>\n<p>En cas de litige, les Tribunaux dont d\u00e9pend le Si\u00e8ge Social de ACTIOIL sont seuls comp\u00e9tents.[\/vc_column_text][\/vc_column_inner][\/vc_row_inner][\/vc_column][\/vc_row]\n","protected":false},"excerpt":{"rendered":"<p>[vc_row type=\u00a0\u00bbin_container\u00a0\u00bb full_screen_row_position=\u00a0\u00bbmiddle\u00a0\u00bb column_margin=\u00a0\u00bbdefault\u00a0\u00bb column_direction=\u00a0\u00bbdefault\u00a0\u00bb column_direction_tablet=\u00a0\u00bbdefault\u00a0\u00bb column_direction_phone=\u00a0\u00bbdefault\u00a0\u00bb scene_position=\u00a0\u00bbcenter\u00a0\u00bb text_color=\u00a0\u00bbdark\u00a0\u00bb text_align=\u00a0\u00bbleft\u00a0\u00bb row_border_radius=\u00a0\u00bbnone\u00a0\u00bb row_border_radius_applies=\u00a0\u00bbbg\u00a0\u00bb overflow=\u00a0\u00bbvisible\u00a0\u00bb overlay_strength=\u00a0\u00bb0.3&Prime; gradient_direction=\u00a0\u00bbleft_to_right\u00a0\u00bb shape_divider_position=\u00a0\u00bbbottom\u00a0\u00bb bg_image_animation=\u00a0\u00bbnone\u00a0\u00bb][vc_column column_padding=\u00a0\u00bbno-extra-padding\u00a0\u00bb column_padding_tablet=\u00a0\u00bbinherit\u00a0\u00bb column_padding_phone=\u00a0\u00bbinherit\u00a0\u00bb column_padding_position=\u00a0\u00bball\u00a0\u00bb column_element_direction_desktop=\u00a0\u00bbdefault\u00a0\u00bb column_element_spacing=\u00a0\u00bbdefault\u00a0\u00bb desktop_text_alignment=\u00a0\u00bbdefault\u00a0\u00bb tablet_text_alignment=\u00a0\u00bbdefault\u00a0\u00bb phone_text_alignment=\u00a0\u00bbdefault\u00a0\u00bb background_color_opacity=\u00a0\u00bb1&Prime; background_hover_color_opacity=\u00a0\u00bb1&Prime; column_backdrop_filter=\u00a0\u00bbnone\u00a0\u00bb column_shadow=\u00a0\u00bbnone\u00a0\u00bb&#8230;<\/p>\n","protected":false},"author":1,"featured_media":0,"parent":0,"menu_order":0,"comment_status":"closed","ping_status":"closed","template":"","meta":{"inline_featured_image":false,"footnotes":""},"class_list":["post-3188","page","type-page","status-publish"],"yoast_head":"<!-- This site is optimized with the Yoast SEO plugin v27.5 - https:\/\/yoast.com\/product\/yoast-seo-wordpress\/ -->\n<title>CGV - Actioil<\/title>\n<meta name=\"robots\" content=\"index, follow, max-snippet:-1, max-image-preview:large, max-video-preview:-1\" \/>\n<link rel=\"canonical\" href=\"https:\/\/actioil.com\/fr\/cgv\/\" \/>\n<meta property=\"og:locale\" content=\"fr_FR\" \/>\n<meta property=\"og:type\" content=\"article\" \/>\n<meta property=\"og:title\" content=\"CGV - Actioil\" \/>\n<meta property=\"og:description\" content=\"[vc_row type=\u00a0\u00bbin_container\u00a0\u00bb full_screen_row_position=\u00a0\u00bbmiddle\u00a0\u00bb column_margin=\u00a0\u00bbdefault\u00a0\u00bb column_direction=\u00a0\u00bbdefault\u00a0\u00bb column_direction_tablet=\u00a0\u00bbdefault\u00a0\u00bb column_direction_phone=\u00a0\u00bbdefault\u00a0\u00bb scene_position=\u00a0\u00bbcenter\u00a0\u00bb text_color=\u00a0\u00bbdark\u00a0\u00bb text_align=\u00a0\u00bbleft\u00a0\u00bb row_border_radius=\u00a0\u00bbnone\u00a0\u00bb row_border_radius_applies=\u00a0\u00bbbg\u00a0\u00bb overflow=\u00a0\u00bbvisible\u00a0\u00bb overlay_strength=\u00a0\u00bb0.3&Prime; gradient_direction=\u00a0\u00bbleft_to_right\u00a0\u00bb shape_divider_position=\u00a0\u00bbbottom\u00a0\u00bb bg_image_animation=\u00a0\u00bbnone\u00a0\u00bb][vc_column column_padding=\u00a0\u00bbno-extra-padding\u00a0\u00bb column_padding_tablet=\u00a0\u00bbinherit\u00a0\u00bb column_padding_phone=\u00a0\u00bbinherit\u00a0\u00bb column_padding_position=\u00a0\u00bball\u00a0\u00bb column_element_direction_desktop=\u00a0\u00bbdefault\u00a0\u00bb column_element_spacing=\u00a0\u00bbdefault\u00a0\u00bb desktop_text_alignment=\u00a0\u00bbdefault\u00a0\u00bb tablet_text_alignment=\u00a0\u00bbdefault\u00a0\u00bb phone_text_alignment=\u00a0\u00bbdefault\u00a0\u00bb background_color_opacity=\u00a0\u00bb1&Prime; background_hover_color_opacity=\u00a0\u00bb1&Prime; column_backdrop_filter=\u00a0\u00bbnone\u00a0\u00bb column_shadow=\u00a0\u00bbnone\u00a0\u00bb...\" \/>\n<meta property=\"og:url\" content=\"https:\/\/actioil.com\/fr\/cgv\/\" \/>\n<meta property=\"og:site_name\" content=\"Actioil\" \/>\n<meta property=\"article:publisher\" content=\"https:\/\/www.facebook.com\/profile.php?id=100049697417090\" \/>\n<meta property=\"article:modified_time\" content=\"2025-01-16T23:27:05+00:00\" \/>\n<meta property=\"og:image\" content=\"https:\/\/actioil.com\/wp-content\/uploads\/2025\/02\/A550-Composition-Actioil-additif-diesel-scaled.webp\" \/>\n\t<meta property=\"og:image:width\" content=\"2560\" \/>\n\t<meta property=\"og:image:height\" content=\"1707\" \/>\n\t<meta property=\"og:image:type\" content=\"image\/webp\" \/>\n<meta name=\"twitter:card\" content=\"summary_large_image\" \/>\n<meta name=\"twitter:label1\" content=\"Dur\u00e9e de lecture estim\u00e9e\" \/>\n\t<meta name=\"twitter:data1\" content=\"6 minutes\" \/>\n<script type=\"application\/ld+json\" class=\"yoast-schema-graph\">{\"@context\":\"https:\\\/\\\/schema.org\",\"@graph\":[{\"@type\":\"WebPage\",\"@id\":\"https:\\\/\\\/actioil.com\\\/fr\\\/cgv\\\/\",\"url\":\"https:\\\/\\\/actioil.com\\\/fr\\\/cgv\\\/\",\"name\":\"CGV - Actioil\",\"isPartOf\":{\"@id\":\"https:\\\/\\\/actioil.com\\\/fr\\\/#website\"},\"datePublished\":\"2024-10-14T14:16:13+00:00\",\"dateModified\":\"2025-01-16T23:27:05+00:00\",\"breadcrumb\":{\"@id\":\"https:\\\/\\\/actioil.com\\\/fr\\\/cgv\\\/#breadcrumb\"},\"inLanguage\":\"fr-FR\",\"potentialAction\":[{\"@type\":\"ReadAction\",\"target\":[\"https:\\\/\\\/actioil.com\\\/fr\\\/cgv\\\/\"]}]},{\"@type\":\"BreadcrumbList\",\"@id\":\"https:\\\/\\\/actioil.com\\\/fr\\\/cgv\\\/#breadcrumb\",\"itemListElement\":[{\"@type\":\"ListItem\",\"position\":1,\"name\":\"Accueil\",\"item\":\"https:\\\/\\\/actioil.com\\\/fr\\\/\"},{\"@type\":\"ListItem\",\"position\":2,\"name\":\"CGV\"}]},{\"@type\":\"WebSite\",\"@id\":\"https:\\\/\\\/actioil.com\\\/fr\\\/#website\",\"url\":\"https:\\\/\\\/actioil.com\\\/fr\\\/\",\"name\":\"Actioil\",\"description\":\"Improve performance for your fuel\",\"publisher\":{\"@id\":\"https:\\\/\\\/actioil.com\\\/fr\\\/#organization\"},\"potentialAction\":[{\"@type\":\"SearchAction\",\"target\":{\"@type\":\"EntryPoint\",\"urlTemplate\":\"https:\\\/\\\/actioil.com\\\/fr\\\/?s={search_term_string}\"},\"query-input\":{\"@type\":\"PropertyValueSpecification\",\"valueRequired\":true,\"valueName\":\"search_term_string\"}}],\"inLanguage\":\"fr-FR\"},{\"@type\":\"Organization\",\"@id\":\"https:\\\/\\\/actioil.com\\\/fr\\\/#organization\",\"name\":\"Actioil\",\"url\":\"https:\\\/\\\/actioil.com\\\/fr\\\/\",\"logo\":{\"@type\":\"ImageObject\",\"inLanguage\":\"fr-FR\",\"@id\":\"https:\\\/\\\/actioil.com\\\/fr\\\/#\\\/schema\\\/logo\\\/image\\\/\",\"url\":\"https:\\\/\\\/actioil.com\\\/wp-content\\\/uploads\\\/2025\\\/01\\\/Logo-Vertical@2x.png\",\"contentUrl\":\"https:\\\/\\\/actioil.com\\\/wp-content\\\/uploads\\\/2025\\\/01\\\/Logo-Vertical@2x.png\",\"width\":1003,\"height\":1000,\"caption\":\"Actioil\"},\"image\":{\"@id\":\"https:\\\/\\\/actioil.com\\\/fr\\\/#\\\/schema\\\/logo\\\/image\\\/\"},\"sameAs\":[\"https:\\\/\\\/www.facebook.com\\\/profile.php?id=100049697417090\"]}]}<\/script>\n<!-- \/ Yoast SEO plugin. -->","yoast_head_json":{"title":"CGV - Actioil","robots":{"index":"index","follow":"follow","max-snippet":"max-snippet:-1","max-image-preview":"max-image-preview:large","max-video-preview":"max-video-preview:-1"},"canonical":"https:\/\/actioil.com\/fr\/cgv\/","og_locale":"fr_FR","og_type":"article","og_title":"CGV - Actioil","og_description":"[vc_row type=\u00a0\u00bbin_container\u00a0\u00bb full_screen_row_position=\u00a0\u00bbmiddle\u00a0\u00bb column_margin=\u00a0\u00bbdefault\u00a0\u00bb column_direction=\u00a0\u00bbdefault\u00a0\u00bb column_direction_tablet=\u00a0\u00bbdefault\u00a0\u00bb column_direction_phone=\u00a0\u00bbdefault\u00a0\u00bb scene_position=\u00a0\u00bbcenter\u00a0\u00bb text_color=\u00a0\u00bbdark\u00a0\u00bb text_align=\u00a0\u00bbleft\u00a0\u00bb row_border_radius=\u00a0\u00bbnone\u00a0\u00bb row_border_radius_applies=\u00a0\u00bbbg\u00a0\u00bb overflow=\u00a0\u00bbvisible\u00a0\u00bb overlay_strength=\u00a0\u00bb0.3&Prime; gradient_direction=\u00a0\u00bbleft_to_right\u00a0\u00bb shape_divider_position=\u00a0\u00bbbottom\u00a0\u00bb bg_image_animation=\u00a0\u00bbnone\u00a0\u00bb][vc_column column_padding=\u00a0\u00bbno-extra-padding\u00a0\u00bb column_padding_tablet=\u00a0\u00bbinherit\u00a0\u00bb column_padding_phone=\u00a0\u00bbinherit\u00a0\u00bb column_padding_position=\u00a0\u00bball\u00a0\u00bb column_element_direction_desktop=\u00a0\u00bbdefault\u00a0\u00bb column_element_spacing=\u00a0\u00bbdefault\u00a0\u00bb desktop_text_alignment=\u00a0\u00bbdefault\u00a0\u00bb tablet_text_alignment=\u00a0\u00bbdefault\u00a0\u00bb phone_text_alignment=\u00a0\u00bbdefault\u00a0\u00bb background_color_opacity=\u00a0\u00bb1&Prime; background_hover_color_opacity=\u00a0\u00bb1&Prime; column_backdrop_filter=\u00a0\u00bbnone\u00a0\u00bb column_shadow=\u00a0\u00bbnone\u00a0\u00bb...","og_url":"https:\/\/actioil.com\/fr\/cgv\/","og_site_name":"Actioil","article_publisher":"https:\/\/www.facebook.com\/profile.php?id=100049697417090","article_modified_time":"2025-01-16T23:27:05+00:00","og_image":[{"width":2560,"height":1707,"url":"https:\/\/actioil.com\/wp-content\/uploads\/2025\/02\/A550-Composition-Actioil-additif-diesel-scaled.webp","type":"image\/webp"}],"twitter_card":"summary_large_image","twitter_misc":{"Dur\u00e9e de lecture estim\u00e9e":"6 minutes"},"schema":{"@context":"https:\/\/schema.org","@graph":[{"@type":"WebPage","@id":"https:\/\/actioil.com\/fr\/cgv\/","url":"https:\/\/actioil.com\/fr\/cgv\/","name":"CGV - Actioil","isPartOf":{"@id":"https:\/\/actioil.com\/fr\/#website"},"datePublished":"2024-10-14T14:16:13+00:00","dateModified":"2025-01-16T23:27:05+00:00","breadcrumb":{"@id":"https:\/\/actioil.com\/fr\/cgv\/#breadcrumb"},"inLanguage":"fr-FR","potentialAction":[{"@type":"ReadAction","target":["https:\/\/actioil.com\/fr\/cgv\/"]}]},{"@type":"BreadcrumbList","@id":"https:\/\/actioil.com\/fr\/cgv\/#breadcrumb","itemListElement":[{"@type":"ListItem","position":1,"name":"Accueil","item":"https:\/\/actioil.com\/fr\/"},{"@type":"ListItem","position":2,"name":"CGV"}]},{"@type":"WebSite","@id":"https:\/\/actioil.com\/fr\/#website","url":"https:\/\/actioil.com\/fr\/","name":"Actioil","description":"Improve performance for your fuel","publisher":{"@id":"https:\/\/actioil.com\/fr\/#organization"},"potentialAction":[{"@type":"SearchAction","target":{"@type":"EntryPoint","urlTemplate":"https:\/\/actioil.com\/fr\/?s={search_term_string}"},"query-input":{"@type":"PropertyValueSpecification","valueRequired":true,"valueName":"search_term_string"}}],"inLanguage":"fr-FR"},{"@type":"Organization","@id":"https:\/\/actioil.com\/fr\/#organization","name":"Actioil","url":"https:\/\/actioil.com\/fr\/","logo":{"@type":"ImageObject","inLanguage":"fr-FR","@id":"https:\/\/actioil.com\/fr\/#\/schema\/logo\/image\/","url":"https:\/\/actioil.com\/wp-content\/uploads\/2025\/01\/Logo-Vertical@2x.png","contentUrl":"https:\/\/actioil.com\/wp-content\/uploads\/2025\/01\/Logo-Vertical@2x.png","width":1003,"height":1000,"caption":"Actioil"},"image":{"@id":"https:\/\/actioil.com\/fr\/#\/schema\/logo\/image\/"},"sameAs":["https:\/\/www.facebook.com\/profile.php?id=100049697417090"]}]}},"_links":{"self":[{"href":"https:\/\/actioil.com\/fr\/wp-json\/wp\/v2\/pages\/3188","targetHints":{"allow":["GET"]}}],"collection":[{"href":"https:\/\/actioil.com\/fr\/wp-json\/wp\/v2\/pages"}],"about":[{"href":"https:\/\/actioil.com\/fr\/wp-json\/wp\/v2\/types\/page"}],"author":[{"embeddable":true,"href":"https:\/\/actioil.com\/fr\/wp-json\/wp\/v2\/users\/1"}],"replies":[{"embeddable":true,"href":"https:\/\/actioil.com\/fr\/wp-json\/wp\/v2\/comments?post=3188"}],"version-history":[{"count":1,"href":"https:\/\/actioil.com\/fr\/wp-json\/wp\/v2\/pages\/3188\/revisions"}],"predecessor-version":[{"id":5595,"href":"https:\/\/actioil.com\/fr\/wp-json\/wp\/v2\/pages\/3188\/revisions\/5595"}],"wp:attachment":[{"href":"https:\/\/actioil.com\/fr\/wp-json\/wp\/v2\/media?parent=3188"}],"curies":[{"name":"wp","href":"https:\/\/api.w.org\/{rel}","templated":true}]}}