{"id":3497,"date":"2024-07-24T14:08:50","date_gmt":"2024-07-24T12:08:50","guid":{"rendered":"http:\/\/s1013170014.onlinehome.fr\/produit\/a550-performance-500-ml\/"},"modified":"2025-04-04T20:25:46","modified_gmt":"2025-04-04T18:25:46","slug":"a440-500-ml-traitement-diesel","status":"publish","type":"product","link":"https:\/\/actioil.com\/fr\/product\/a440-500-ml-traitement-diesel\/","title":{"rendered":"A440 &#8211; 500 ML"},"content":{"rendered":"<div class=\"flex-shrink-0 flex flex-col relative items-end\">\n<div class=\"pt-0\">\n<div class=\"gizmo-bot-avatar flex h-8 w-8 items-center justify-center overflow-hidden rounded-full\">\n<div class=\"relative p-1 rounded-sm flex items-center justify-center bg-token-main-surface-primary text-token-text-primary h-8 w-8\">\n<p>Actioil <strong>A440<\/strong> est une solution compl\u00e8te sp\u00e9cialement con\u00e7ue pour les moteurs diesel et les syst\u00e8mes de carburant. Il lutte contre la d\u00e9gradation du carburant, am\u00e9liore la combustion et r\u00e9duit les \u00e9missions nocives. Destin\u00e9 aux particuliers, ce traitement premium am\u00e9liore l&rsquo;efficacit\u00e9 du moteur tout en r\u00e9duisant les besoins d&rsquo;entretien.<\/p>\n<p>Compatible avec le diesel bio, synth\u00e9tique et pur, Actioil A440 prot\u00e8ge votre moteur et votre syst\u00e8me de carburant dans toutes les conditions.<\/p>\n<p><strong>Conseils d&rsquo;utilisation :<\/strong><\/p>\n<ol>\n<li>Ajoutez<strong>\u00a01 litre<\/strong>\u00a0d\u2019Actioil\u00a0<strong>A440<\/strong>\u00a0pour\u00a0<strong>1000 litres<\/strong>\u00a0de\u00a0<strong>diesel<\/strong>\u00a0(ratio de 1%) lorsque le r\u00e9servoir est rempli \u00e0 moins de 30 %<\/li>\n<li>Remplissez le r\u00e9servoir\u00a0<strong>apr\u00e8s ajout pour m\u00e9langer le traitement<\/strong><\/li>\n<li>Remplacez ou nettoyez le filtre \u00e0 carburant pour des performances optimales<\/li>\n<li>R\u00e9p\u00e9tez le traitement tous les 6 mois ou tous les 10 000 km.<\/li>\n<\/ol>\n<\/div>\n<\/div>\n<\/div>\n<\/div>\n","protected":false},"excerpt":{"rendered":"<p>Actioil A440 est le traitement diesel ultime, con\u00e7u pour optimiser les performances de votre moteur, prolonger sa dur\u00e9e de vie et r\u00e9duire les \u00e9missions. Id\u00e9al pour tous les types de diesel, cette solution prot\u00e8ge votre syst\u00e8me de carburant contre la d\u00e9t\u00e9rioration, la corrosion et l&rsquo;encrassement.<\/p>\n<p><strong>Avantages cl\u00e9s :<\/strong><\/p>\n<ul>\n<li>Am\u00e9liore l&rsquo;efficacit\u00e9 de la combustion du carburant.<\/li>\n<li>R\u00e9duit les \u00e9missions nocives et la consommation de carburant.<\/li>\n<li>Prot\u00e8ge contre la corrosion et prolonge la dur\u00e9e de vie du moteur.<\/li>\n<li>Nettoie les injecteurs de carburant et stabilise le diesel stock\u00e9.<\/li>\n<\/ul>\n","protected":false},"featured_media":4383,"comment_status":"open","ping_status":"closed","template":"","meta":{"inline_featured_image":false},"product_brand":[],"product_cat":[228,212],"product_tag":[],"class_list":{"0":"post-3497","1":"product","2":"type-product","3":"status-publish","4":"has-post-thumbnail","6":"product_cat-a440-diesel-fr","7":"product_cat-actioil-diesel","9":"first","10":"instock","11":"taxable","12":"shipping-taxable","13":"purchasable","14":"product-type-variable"},"yoast_head":"<!-- This site is optimized with the Yoast SEO plugin v27.3 - https:\/\/yoast.com\/product\/yoast-seo-wordpress\/ -->\n<title>Actioil A440 500ML \u2013 Traitement Diesel<\/title>\n<meta name=\"description\" content=\"Prot\u00e9gez votre moteur diesel avec Actioil A440. R\u00e9duisez la consommation de carburant, baissez les \u00e9missions et prolongez la dur\u00e9e de vie du moteur.\" \/>\n<meta name=\"robots\" content=\"index, follow, max-snippet:-1, max-image-preview:large, max-video-preview:-1\" \/>\n<link rel=\"canonical\" href=\"https:\/\/actioil.com\/fr\/product\/a440-500-ml-traitement-diesel\/\" \/>\n<meta property=\"og:locale\" content=\"fr_FR\" \/>\n<meta property=\"og:type\" content=\"article\" \/>\n<meta property=\"og:title\" content=\"Actioil A440 500ML \u2013 Traitement Diesel\" \/>\n<meta property=\"og:description\" content=\"Prot\u00e9gez votre moteur diesel avec Actioil A440. R\u00e9duisez la consommation de carburant, baissez les \u00e9missions et prolongez la dur\u00e9e de vie du moteur.\" \/>\n<meta property=\"og:url\" content=\"https:\/\/actioil.com\/fr\/product\/a440-500-ml-traitement-diesel\/\" \/>\n<meta property=\"og:site_name\" content=\"Actioil\" \/>\n<meta property=\"article:publisher\" content=\"https:\/\/www.facebook.com\/profile.php?id=100049697417090\" \/>\n<meta property=\"article:modified_time\" content=\"2025-04-04T18:25:46+00:00\" \/>\n<meta property=\"og:image\" content=\"https:\/\/actioil.com\/wp-content\/uploads\/2025\/02\/A440-500ml-Actioil-additif-diesel-Background.webp\" \/>\n\t<meta property=\"og:image:width\" content=\"2000\" \/>\n\t<meta property=\"og:image:height\" content=\"2000\" \/>\n\t<meta property=\"og:image:type\" content=\"image\/webp\" \/>\n<meta name=\"twitter:card\" content=\"summary_large_image\" \/>\n<meta name=\"twitter:label1\" content=\"Dur\u00e9e de lecture estim\u00e9e\" \/>\n\t<meta name=\"twitter:data1\" content=\"1 minute\" \/>\n<script type=\"application\/ld+json\" class=\"yoast-schema-graph\">{\"@context\":\"https:\\\/\\\/schema.org\",\"@graph\":[{\"@type\":\"WebPage\",\"@id\":\"https:\\\/\\\/actioil.com\\\/fr\\\/product\\\/a440-500-ml-traitement-diesel\\\/\",\"url\":\"https:\\\/\\\/actioil.com\\\/fr\\\/product\\\/a440-500-ml-traitement-diesel\\\/\",\"name\":\"Actioil A440 500ML \u2013 Traitement Diesel\",\"isPartOf\":{\"@id\":\"https:\\\/\\\/actioil.com\\\/fr\\\/#website\"},\"primaryImageOfPage\":{\"@id\":\"https:\\\/\\\/actioil.com\\\/fr\\\/product\\\/a440-500-ml-traitement-diesel\\\/#primaryimage\"},\"image\":{\"@id\":\"https:\\\/\\\/actioil.com\\\/fr\\\/product\\\/a440-500-ml-traitement-diesel\\\/#primaryimage\"},\"thumbnailUrl\":\"https:\\\/\\\/actioil.com\\\/wp-content\\\/uploads\\\/2025\\\/02\\\/A440-500ml-Actioil-additif-diesel-Background.webp\",\"datePublished\":\"2024-07-24T12:08:50+00:00\",\"dateModified\":\"2025-04-04T18:25:46+00:00\",\"description\":\"Prot\u00e9gez votre moteur diesel avec Actioil A440. R\u00e9duisez la consommation de carburant, baissez les \u00e9missions et prolongez la dur\u00e9e de vie du moteur.\",\"breadcrumb\":{\"@id\":\"https:\\\/\\\/actioil.com\\\/fr\\\/product\\\/a440-500-ml-traitement-diesel\\\/#breadcrumb\"},\"inLanguage\":\"fr-FR\",\"potentialAction\":[{\"@type\":\"ReadAction\",\"target\":[\"https:\\\/\\\/actioil.com\\\/fr\\\/product\\\/a440-500-ml-traitement-diesel\\\/\"]}]},{\"@type\":\"ImageObject\",\"inLanguage\":\"fr-FR\",\"@id\":\"https:\\\/\\\/actioil.com\\\/fr\\\/product\\\/a440-500-ml-traitement-diesel\\\/#primaryimage\",\"url\":\"https:\\\/\\\/actioil.com\\\/wp-content\\\/uploads\\\/2025\\\/02\\\/A440-500ml-Actioil-additif-diesel-Background.webp\",\"contentUrl\":\"https:\\\/\\\/actioil.com\\\/wp-content\\\/uploads\\\/2025\\\/02\\\/A440-500ml-Actioil-additif-diesel-Background.webp\",\"width\":2000,\"height\":2000},{\"@type\":\"BreadcrumbList\",\"@id\":\"https:\\\/\\\/actioil.com\\\/fr\\\/product\\\/a440-500-ml-traitement-diesel\\\/#breadcrumb\",\"itemListElement\":[{\"@type\":\"ListItem\",\"position\":1,\"name\":\"Accueil\",\"item\":\"https:\\\/\\\/actioil.com\\\/fr\\\/\"},{\"@type\":\"ListItem\",\"position\":2,\"name\":\"Boutique\",\"item\":\"https:\\\/\\\/actioil.com\\\/fr\\\/boutique\\\/\"},{\"@type\":\"ListItem\",\"position\":3,\"name\":\"A440 &#8211; 500 ML\"}]},{\"@type\":\"WebSite\",\"@id\":\"https:\\\/\\\/actioil.com\\\/fr\\\/#website\",\"url\":\"https:\\\/\\\/actioil.com\\\/fr\\\/\",\"name\":\"Actioil\",\"description\":\"Improve performance for your fuel\",\"publisher\":{\"@id\":\"https:\\\/\\\/actioil.com\\\/fr\\\/#organization\"},\"potentialAction\":[{\"@type\":\"SearchAction\",\"target\":{\"@type\":\"EntryPoint\",\"urlTemplate\":\"https:\\\/\\\/actioil.com\\\/fr\\\/?s={search_term_string}\"},\"query-input\":{\"@type\":\"PropertyValueSpecification\",\"valueRequired\":true,\"valueName\":\"search_term_string\"}}],\"inLanguage\":\"fr-FR\"},{\"@type\":\"Organization\",\"@id\":\"https:\\\/\\\/actioil.com\\\/fr\\\/#organization\",\"name\":\"Actioil\",\"url\":\"https:\\\/\\\/actioil.com\\\/fr\\\/\",\"logo\":{\"@type\":\"ImageObject\",\"inLanguage\":\"fr-FR\",\"@id\":\"https:\\\/\\\/actioil.com\\\/fr\\\/#\\\/schema\\\/logo\\\/image\\\/\",\"url\":\"https:\\\/\\\/actioil.com\\\/wp-content\\\/uploads\\\/2025\\\/01\\\/Logo-Vertical@2x.png\",\"contentUrl\":\"https:\\\/\\\/actioil.com\\\/wp-content\\\/uploads\\\/2025\\\/01\\\/Logo-Vertical@2x.png\",\"width\":1003,\"height\":1000,\"caption\":\"Actioil\"},\"image\":{\"@id\":\"https:\\\/\\\/actioil.com\\\/fr\\\/#\\\/schema\\\/logo\\\/image\\\/\"},\"sameAs\":[\"https:\\\/\\\/www.facebook.com\\\/profile.php?id=100049697417090\"]}]}<\/script>\n<!-- \/ Yoast SEO plugin. -->","yoast_head_json":{"title":"Actioil A440 500ML \u2013 Traitement Diesel","description":"Prot\u00e9gez votre moteur diesel avec Actioil A440. R\u00e9duisez la consommation de carburant, baissez les \u00e9missions et prolongez la dur\u00e9e de vie du moteur.","robots":{"index":"index","follow":"follow","max-snippet":"max-snippet:-1","max-image-preview":"max-image-preview:large","max-video-preview":"max-video-preview:-1"},"canonical":"https:\/\/actioil.com\/fr\/product\/a440-500-ml-traitement-diesel\/","og_locale":"fr_FR","og_type":"article","og_title":"Actioil A440 500ML \u2013 Traitement Diesel","og_description":"Prot\u00e9gez votre moteur diesel avec Actioil A440. R\u00e9duisez la consommation de carburant, baissez les \u00e9missions et prolongez la dur\u00e9e de vie du moteur.","og_url":"https:\/\/actioil.com\/fr\/product\/a440-500-ml-traitement-diesel\/","og_site_name":"Actioil","article_publisher":"https:\/\/www.facebook.com\/profile.php?id=100049697417090","article_modified_time":"2025-04-04T18:25:46+00:00","og_image":[{"width":2000,"height":2000,"url":"https:\/\/actioil.com\/wp-content\/uploads\/2025\/02\/A440-500ml-Actioil-additif-diesel-Background.webp","type":"image\/webp"}],"twitter_card":"summary_large_image","twitter_misc":{"Dur\u00e9e de lecture estim\u00e9e":"1 minute"},"schema":{"@context":"https:\/\/schema.org","@graph":[{"@type":"WebPage","@id":"https:\/\/actioil.com\/fr\/product\/a440-500-ml-traitement-diesel\/","url":"https:\/\/actioil.com\/fr\/product\/a440-500-ml-traitement-diesel\/","name":"Actioil A440 500ML \u2013 Traitement Diesel","isPartOf":{"@id":"https:\/\/actioil.com\/fr\/#website"},"primaryImageOfPage":{"@id":"https:\/\/actioil.com\/fr\/product\/a440-500-ml-traitement-diesel\/#primaryimage"},"image":{"@id":"https:\/\/actioil.com\/fr\/product\/a440-500-ml-traitement-diesel\/#primaryimage"},"thumbnailUrl":"https:\/\/actioil.com\/wp-content\/uploads\/2025\/02\/A440-500ml-Actioil-additif-diesel-Background.webp","datePublished":"2024-07-24T12:08:50+00:00","dateModified":"2025-04-04T18:25:46+00:00","description":"Prot\u00e9gez votre moteur diesel avec Actioil A440. R\u00e9duisez la consommation de carburant, baissez les \u00e9missions et prolongez la dur\u00e9e de vie du moteur.","breadcrumb":{"@id":"https:\/\/actioil.com\/fr\/product\/a440-500-ml-traitement-diesel\/#breadcrumb"},"inLanguage":"fr-FR","potentialAction":[{"@type":"ReadAction","target":["https:\/\/actioil.com\/fr\/product\/a440-500-ml-traitement-diesel\/"]}]},{"@type":"ImageObject","inLanguage":"fr-FR","@id":"https:\/\/actioil.com\/fr\/product\/a440-500-ml-traitement-diesel\/#primaryimage","url":"https:\/\/actioil.com\/wp-content\/uploads\/2025\/02\/A440-500ml-Actioil-additif-diesel-Background.webp","contentUrl":"https:\/\/actioil.com\/wp-content\/uploads\/2025\/02\/A440-500ml-Actioil-additif-diesel-Background.webp","width":2000,"height":2000},{"@type":"BreadcrumbList","@id":"https:\/\/actioil.com\/fr\/product\/a440-500-ml-traitement-diesel\/#breadcrumb","itemListElement":[{"@type":"ListItem","position":1,"name":"Accueil","item":"https:\/\/actioil.com\/fr\/"},{"@type":"ListItem","position":2,"name":"Boutique","item":"https:\/\/actioil.com\/fr\/boutique\/"},{"@type":"ListItem","position":3,"name":"A440 &#8211; 500 ML"}]},{"@type":"WebSite","@id":"https:\/\/actioil.com\/fr\/#website","url":"https:\/\/actioil.com\/fr\/","name":"Actioil","description":"Improve performance for your fuel","publisher":{"@id":"https:\/\/actioil.com\/fr\/#organization"},"potentialAction":[{"@type":"SearchAction","target":{"@type":"EntryPoint","urlTemplate":"https:\/\/actioil.com\/fr\/?s={search_term_string}"},"query-input":{"@type":"PropertyValueSpecification","valueRequired":true,"valueName":"search_term_string"}}],"inLanguage":"fr-FR"},{"@type":"Organization","@id":"https:\/\/actioil.com\/fr\/#organization","name":"Actioil","url":"https:\/\/actioil.com\/fr\/","logo":{"@type":"ImageObject","inLanguage":"fr-FR","@id":"https:\/\/actioil.com\/fr\/#\/schema\/logo\/image\/","url":"https:\/\/actioil.com\/wp-content\/uploads\/2025\/01\/Logo-Vertical@2x.png","contentUrl":"https:\/\/actioil.com\/wp-content\/uploads\/2025\/01\/Logo-Vertical@2x.png","width":1003,"height":1000,"caption":"Actioil"},"image":{"@id":"https:\/\/actioil.com\/fr\/#\/schema\/logo\/image\/"},"sameAs":["https:\/\/www.facebook.com\/profile.php?id=100049697417090"]}]}},"_links":{"self":[{"href":"https:\/\/actioil.com\/fr\/wp-json\/wp\/v2\/product\/3497","targetHints":{"allow":["GET"]}}],"collection":[{"href":"https:\/\/actioil.com\/fr\/wp-json\/wp\/v2\/product"}],"about":[{"href":"https:\/\/actioil.com\/fr\/wp-json\/wp\/v2\/types\/product"}],"replies":[{"embeddable":true,"href":"https:\/\/actioil.com\/fr\/wp-json\/wp\/v2\/comments?post=3497"}],"wp:featuredmedia":[{"embeddable":true,"href":"https:\/\/actioil.com\/fr\/wp-json\/wp\/v2\/media\/4383"}],"wp:attachment":[{"href":"https:\/\/actioil.com\/fr\/wp-json\/wp\/v2\/media?parent=3497"}],"wp:term":[{"taxonomy":"product_brand","embeddable":true,"href":"https:\/\/actioil.com\/fr\/wp-json\/wp\/v2\/product_brand?post=3497"},{"taxonomy":"product_cat","embeddable":true,"href":"https:\/\/actioil.com\/fr\/wp-json\/wp\/v2\/product_cat?post=3497"},{"taxonomy":"product_tag","embeddable":true,"href":"https:\/\/actioil.com\/fr\/wp-json\/wp\/v2\/product_tag?post=3497"}],"curies":[{"name":"wp","href":"https:\/\/api.w.org\/{rel}","templated":true}]}}