{"id":4592,"date":"2025-02-26T15:49:25","date_gmt":"2025-02-26T14:49:25","guid":{"rendered":"https:\/\/actioil.com\/?post_type=product&#038;p=4592"},"modified":"2025-04-04T20:25:46","modified_gmt":"2025-04-04T18:25:46","slug":"a220-500-ml-traitement-essence","status":"publish","type":"product","link":"https:\/\/actioil.com\/fr\/product\/a220-500-ml-traitement-essence\/","title":{"rendered":"A220 &#8211; 500 ML"},"content":{"rendered":"<p>Actioil <strong>A220<\/strong> est une solution avanc\u00e9e pour moteurs essence, offrant une protection et un entretien durables. Ce traitement purifie et stabilise le carburant, tout en nettoyant les injecteurs et les chambres de combustion. Il r\u00e9duit les \u00e9missions nocives, augmente les performances et prolonge la dur\u00e9e de vie des moteurs, le tout avec une application simple et efficace.<\/p>\n<p><strong>Comment l\u2019utiliser :<\/strong><\/p>\n<ol>\n<li>Ajoutez <strong>2<\/strong>5<strong>0 ml d\u2019A220<\/strong> pour <strong>100 litres<\/strong> d\u2019essence (ratio 0,25 %) lorsque le r\u00e9servoir est rempli \u00e0 moins de 30 %.<\/li>\n<li>Remplissez le r\u00e9servoir apr\u00e8s ajout pour m\u00e9langer le traitement.<\/li>\n<li>R\u00e9p\u00e9tez le traitement tous les <strong>6 mois<\/strong> ou tous les <strong>10 000 km<\/strong> pour des performances durables.<\/li>\n<\/ol>\n<p>&nbsp;<\/p>\n","protected":false},"excerpt":{"rendered":"<p>Actioil <strong>A220<\/strong> est un traitement premium pour moteurs essence, con\u00e7u pour optimiser les performances, r\u00e9duire la consommation de carburant et prolonger la dur\u00e9e de vie du moteur. Parfait pour les v\u00e9hicules l\u00e9gers, les motos et les hors-bord, il prot\u00e8ge les circuit de carburant contre la corrosion, l&rsquo;encrassement et la d\u00e9t\u00e9rioration.<\/p>\n<p><strong>Avantages cl\u00e9s :<\/strong><\/p>\n<ul>\n<li>R\u00e9duction de la consommation de carburant.<\/li>\n<li>Am\u00e9lioration des performances moteur gr\u00e2ce \u00e0 un boost d\u2019octane.<\/li>\n<li>Protection contre la corrosion et les d\u00e9p\u00f4ts.<\/li>\n<li>\n<div data-olk-copy-source=\"MessageBody\">Maintient la stabilit\u00e9 du carburant, m\u00eame sur le E5, E10 et E85.<\/div>\n<\/li>\n<\/ul>\n","protected":false},"featured_media":4608,"comment_status":"open","ping_status":"closed","template":"","meta":{"inline_featured_image":false},"product_brand":[],"product_cat":[230,213],"product_tag":[],"class_list":{"0":"post-4592","1":"product","2":"type-product","3":"status-publish","4":"has-post-thumbnail","6":"product_cat-a220-fr","7":"product_cat-actioil-essence","9":"first","10":"outofstock","11":"taxable","12":"shipping-taxable","13":"purchasable","14":"product-type-variable"},"yoast_head":"<!-- This site is optimized with the Yoast SEO plugin v27.3 - https:\/\/yoast.com\/product\/yoast-seo-wordpress\/ -->\n<title>A220 - 500ML \u2013 Traitement Essence<\/title>\n<meta name=\"description\" content=\"Optimisez les performances de votre moteur essence avec Actioil A220. R\u00e9duisez la consommation, baissez les \u00e9missions et prot\u00e9gez votre moteur contre la corrosion.\" \/>\n<meta name=\"robots\" content=\"index, follow, max-snippet:-1, max-image-preview:large, max-video-preview:-1\" \/>\n<link rel=\"canonical\" href=\"https:\/\/actioil.com\/fr\/product\/a220-500-ml-traitement-essence\/\" \/>\n<meta property=\"og:locale\" content=\"fr_FR\" \/>\n<meta property=\"og:type\" content=\"article\" \/>\n<meta property=\"og:title\" content=\"A220 - 500ML \u2013 Traitement Essence\" \/>\n<meta property=\"og:description\" content=\"Optimisez les performances de votre moteur essence avec Actioil A220. R\u00e9duisez la consommation, baissez les \u00e9missions et prot\u00e9gez votre moteur contre la corrosion.\" \/>\n<meta property=\"og:url\" content=\"https:\/\/actioil.com\/fr\/product\/a220-500-ml-traitement-essence\/\" \/>\n<meta property=\"og:site_name\" content=\"Actioil\" \/>\n<meta property=\"article:publisher\" content=\"https:\/\/www.facebook.com\/profile.php?id=100049697417090\" \/>\n<meta property=\"article:modified_time\" content=\"2025-04-04T18:25:46+00:00\" \/>\n<meta property=\"og:image\" content=\"https:\/\/actioil.com\/wp-content\/uploads\/2024\/10\/A220-500ml-Actioil-additif-essence-Background.webp\" \/>\n\t<meta property=\"og:image:width\" content=\"2000\" \/>\n\t<meta property=\"og:image:height\" content=\"2000\" \/>\n\t<meta property=\"og:image:type\" content=\"image\/webp\" \/>\n<meta name=\"twitter:card\" content=\"summary_large_image\" \/>\n<meta name=\"twitter:label1\" content=\"Dur\u00e9e de lecture estim\u00e9e\" \/>\n\t<meta name=\"twitter:data1\" content=\"1 minute\" \/>\n<script type=\"application\/ld+json\" class=\"yoast-schema-graph\">{\"@context\":\"https:\\\/\\\/schema.org\",\"@graph\":[{\"@type\":\"WebPage\",\"@id\":\"https:\\\/\\\/actioil.com\\\/fr\\\/product\\\/a220-500-ml-traitement-essence\\\/\",\"url\":\"https:\\\/\\\/actioil.com\\\/fr\\\/product\\\/a220-500-ml-traitement-essence\\\/\",\"name\":\"A220 - 500ML \u2013 Traitement Essence\",\"isPartOf\":{\"@id\":\"https:\\\/\\\/actioil.com\\\/fr\\\/#website\"},\"primaryImageOfPage\":{\"@id\":\"https:\\\/\\\/actioil.com\\\/fr\\\/product\\\/a220-500-ml-traitement-essence\\\/#primaryimage\"},\"image\":{\"@id\":\"https:\\\/\\\/actioil.com\\\/fr\\\/product\\\/a220-500-ml-traitement-essence\\\/#primaryimage\"},\"thumbnailUrl\":\"https:\\\/\\\/actioil.com\\\/wp-content\\\/uploads\\\/2024\\\/10\\\/A220-500ml-Actioil-additif-essence-Background.webp\",\"datePublished\":\"2025-02-26T14:49:25+00:00\",\"dateModified\":\"2025-04-04T18:25:46+00:00\",\"description\":\"Optimisez les performances de votre moteur essence avec Actioil A220. R\u00e9duisez la consommation, baissez les \u00e9missions et prot\u00e9gez votre moteur contre la corrosion.\",\"breadcrumb\":{\"@id\":\"https:\\\/\\\/actioil.com\\\/fr\\\/product\\\/a220-500-ml-traitement-essence\\\/#breadcrumb\"},\"inLanguage\":\"fr-FR\",\"potentialAction\":[{\"@type\":\"ReadAction\",\"target\":[\"https:\\\/\\\/actioil.com\\\/fr\\\/product\\\/a220-500-ml-traitement-essence\\\/\"]}]},{\"@type\":\"ImageObject\",\"inLanguage\":\"fr-FR\",\"@id\":\"https:\\\/\\\/actioil.com\\\/fr\\\/product\\\/a220-500-ml-traitement-essence\\\/#primaryimage\",\"url\":\"https:\\\/\\\/actioil.com\\\/wp-content\\\/uploads\\\/2024\\\/10\\\/A220-500ml-Actioil-additif-essence-Background.webp\",\"contentUrl\":\"https:\\\/\\\/actioil.com\\\/wp-content\\\/uploads\\\/2024\\\/10\\\/A220-500ml-Actioil-additif-essence-Background.webp\",\"width\":2000,\"height\":2000},{\"@type\":\"BreadcrumbList\",\"@id\":\"https:\\\/\\\/actioil.com\\\/fr\\\/product\\\/a220-500-ml-traitement-essence\\\/#breadcrumb\",\"itemListElement\":[{\"@type\":\"ListItem\",\"position\":1,\"name\":\"Accueil\",\"item\":\"https:\\\/\\\/actioil.com\\\/fr\\\/\"},{\"@type\":\"ListItem\",\"position\":2,\"name\":\"Boutique\",\"item\":\"https:\\\/\\\/actioil.com\\\/fr\\\/boutique\\\/\"},{\"@type\":\"ListItem\",\"position\":3,\"name\":\"A220 &#8211; 500 ML\"}]},{\"@type\":\"WebSite\",\"@id\":\"https:\\\/\\\/actioil.com\\\/fr\\\/#website\",\"url\":\"https:\\\/\\\/actioil.com\\\/fr\\\/\",\"name\":\"Actioil\",\"description\":\"Improve performance for your fuel\",\"publisher\":{\"@id\":\"https:\\\/\\\/actioil.com\\\/fr\\\/#organization\"},\"potentialAction\":[{\"@type\":\"SearchAction\",\"target\":{\"@type\":\"EntryPoint\",\"urlTemplate\":\"https:\\\/\\\/actioil.com\\\/fr\\\/?s={search_term_string}\"},\"query-input\":{\"@type\":\"PropertyValueSpecification\",\"valueRequired\":true,\"valueName\":\"search_term_string\"}}],\"inLanguage\":\"fr-FR\"},{\"@type\":\"Organization\",\"@id\":\"https:\\\/\\\/actioil.com\\\/fr\\\/#organization\",\"name\":\"Actioil\",\"url\":\"https:\\\/\\\/actioil.com\\\/fr\\\/\",\"logo\":{\"@type\":\"ImageObject\",\"inLanguage\":\"fr-FR\",\"@id\":\"https:\\\/\\\/actioil.com\\\/fr\\\/#\\\/schema\\\/logo\\\/image\\\/\",\"url\":\"https:\\\/\\\/actioil.com\\\/wp-content\\\/uploads\\\/2025\\\/01\\\/Logo-Vertical@2x.png\",\"contentUrl\":\"https:\\\/\\\/actioil.com\\\/wp-content\\\/uploads\\\/2025\\\/01\\\/Logo-Vertical@2x.png\",\"width\":1003,\"height\":1000,\"caption\":\"Actioil\"},\"image\":{\"@id\":\"https:\\\/\\\/actioil.com\\\/fr\\\/#\\\/schema\\\/logo\\\/image\\\/\"},\"sameAs\":[\"https:\\\/\\\/www.facebook.com\\\/profile.php?id=100049697417090\"]}]}<\/script>\n<!-- \/ Yoast SEO plugin. -->","yoast_head_json":{"title":"A220 - 500ML \u2013 Traitement Essence","description":"Optimisez les performances de votre moteur essence avec Actioil A220. R\u00e9duisez la consommation, baissez les \u00e9missions et prot\u00e9gez votre moteur contre la corrosion.","robots":{"index":"index","follow":"follow","max-snippet":"max-snippet:-1","max-image-preview":"max-image-preview:large","max-video-preview":"max-video-preview:-1"},"canonical":"https:\/\/actioil.com\/fr\/product\/a220-500-ml-traitement-essence\/","og_locale":"fr_FR","og_type":"article","og_title":"A220 - 500ML \u2013 Traitement Essence","og_description":"Optimisez les performances de votre moteur essence avec Actioil A220. R\u00e9duisez la consommation, baissez les \u00e9missions et prot\u00e9gez votre moteur contre la corrosion.","og_url":"https:\/\/actioil.com\/fr\/product\/a220-500-ml-traitement-essence\/","og_site_name":"Actioil","article_publisher":"https:\/\/www.facebook.com\/profile.php?id=100049697417090","article_modified_time":"2025-04-04T18:25:46+00:00","og_image":[{"width":2000,"height":2000,"url":"https:\/\/actioil.com\/wp-content\/uploads\/2024\/10\/A220-500ml-Actioil-additif-essence-Background.webp","type":"image\/webp"}],"twitter_card":"summary_large_image","twitter_misc":{"Dur\u00e9e de lecture estim\u00e9e":"1 minute"},"schema":{"@context":"https:\/\/schema.org","@graph":[{"@type":"WebPage","@id":"https:\/\/actioil.com\/fr\/product\/a220-500-ml-traitement-essence\/","url":"https:\/\/actioil.com\/fr\/product\/a220-500-ml-traitement-essence\/","name":"A220 - 500ML \u2013 Traitement Essence","isPartOf":{"@id":"https:\/\/actioil.com\/fr\/#website"},"primaryImageOfPage":{"@id":"https:\/\/actioil.com\/fr\/product\/a220-500-ml-traitement-essence\/#primaryimage"},"image":{"@id":"https:\/\/actioil.com\/fr\/product\/a220-500-ml-traitement-essence\/#primaryimage"},"thumbnailUrl":"https:\/\/actioil.com\/wp-content\/uploads\/2024\/10\/A220-500ml-Actioil-additif-essence-Background.webp","datePublished":"2025-02-26T14:49:25+00:00","dateModified":"2025-04-04T18:25:46+00:00","description":"Optimisez les performances de votre moteur essence avec Actioil A220. R\u00e9duisez la consommation, baissez les \u00e9missions et prot\u00e9gez votre moteur contre la corrosion.","breadcrumb":{"@id":"https:\/\/actioil.com\/fr\/product\/a220-500-ml-traitement-essence\/#breadcrumb"},"inLanguage":"fr-FR","potentialAction":[{"@type":"ReadAction","target":["https:\/\/actioil.com\/fr\/product\/a220-500-ml-traitement-essence\/"]}]},{"@type":"ImageObject","inLanguage":"fr-FR","@id":"https:\/\/actioil.com\/fr\/product\/a220-500-ml-traitement-essence\/#primaryimage","url":"https:\/\/actioil.com\/wp-content\/uploads\/2024\/10\/A220-500ml-Actioil-additif-essence-Background.webp","contentUrl":"https:\/\/actioil.com\/wp-content\/uploads\/2024\/10\/A220-500ml-Actioil-additif-essence-Background.webp","width":2000,"height":2000},{"@type":"BreadcrumbList","@id":"https:\/\/actioil.com\/fr\/product\/a220-500-ml-traitement-essence\/#breadcrumb","itemListElement":[{"@type":"ListItem","position":1,"name":"Accueil","item":"https:\/\/actioil.com\/fr\/"},{"@type":"ListItem","position":2,"name":"Boutique","item":"https:\/\/actioil.com\/fr\/boutique\/"},{"@type":"ListItem","position":3,"name":"A220 &#8211; 500 ML"}]},{"@type":"WebSite","@id":"https:\/\/actioil.com\/fr\/#website","url":"https:\/\/actioil.com\/fr\/","name":"Actioil","description":"Improve performance for your fuel","publisher":{"@id":"https:\/\/actioil.com\/fr\/#organization"},"potentialAction":[{"@type":"SearchAction","target":{"@type":"EntryPoint","urlTemplate":"https:\/\/actioil.com\/fr\/?s={search_term_string}"},"query-input":{"@type":"PropertyValueSpecification","valueRequired":true,"valueName":"search_term_string"}}],"inLanguage":"fr-FR"},{"@type":"Organization","@id":"https:\/\/actioil.com\/fr\/#organization","name":"Actioil","url":"https:\/\/actioil.com\/fr\/","logo":{"@type":"ImageObject","inLanguage":"fr-FR","@id":"https:\/\/actioil.com\/fr\/#\/schema\/logo\/image\/","url":"https:\/\/actioil.com\/wp-content\/uploads\/2025\/01\/Logo-Vertical@2x.png","contentUrl":"https:\/\/actioil.com\/wp-content\/uploads\/2025\/01\/Logo-Vertical@2x.png","width":1003,"height":1000,"caption":"Actioil"},"image":{"@id":"https:\/\/actioil.com\/fr\/#\/schema\/logo\/image\/"},"sameAs":["https:\/\/www.facebook.com\/profile.php?id=100049697417090"]}]}},"_links":{"self":[{"href":"https:\/\/actioil.com\/fr\/wp-json\/wp\/v2\/product\/4592","targetHints":{"allow":["GET"]}}],"collection":[{"href":"https:\/\/actioil.com\/fr\/wp-json\/wp\/v2\/product"}],"about":[{"href":"https:\/\/actioil.com\/fr\/wp-json\/wp\/v2\/types\/product"}],"replies":[{"embeddable":true,"href":"https:\/\/actioil.com\/fr\/wp-json\/wp\/v2\/comments?post=4592"}],"wp:featuredmedia":[{"embeddable":true,"href":"https:\/\/actioil.com\/fr\/wp-json\/wp\/v2\/media\/4608"}],"wp:attachment":[{"href":"https:\/\/actioil.com\/fr\/wp-json\/wp\/v2\/media?parent=4592"}],"wp:term":[{"taxonomy":"product_brand","embeddable":true,"href":"https:\/\/actioil.com\/fr\/wp-json\/wp\/v2\/product_brand?post=4592"},{"taxonomy":"product_cat","embeddable":true,"href":"https:\/\/actioil.com\/fr\/wp-json\/wp\/v2\/product_cat?post=4592"},{"taxonomy":"product_tag","embeddable":true,"href":"https:\/\/actioil.com\/fr\/wp-json\/wp\/v2\/product_tag?post=4592"}],"curies":[{"name":"wp","href":"https:\/\/api.w.org\/{rel}","templated":true}]}}